{"id":490,"date":"2025-02-24T14:55:17","date_gmt":"2025-02-24T14:55:17","guid":{"rendered":"https:\/\/proclim.com.pl\/?page_id=490"},"modified":"2025-02-24T14:55:19","modified_gmt":"2025-02-24T14:55:19","slug":"nasi-autorzy","status":"publish","type":"page","link":"https:\/\/proclim.com.pl\/ro\/nasi-autorzy\/","title":{"rendered":"Autorii no\u0219tri"},"content":{"rendered":"","protected":false},"excerpt":{"rendered":"","protected":false},"author":1,"featured_media":0,"parent":0,"menu_order":0,"comment_status":"closed","ping_status":"closed","template":"","meta":{"_acf_changed":false,"footnotes":""},"class_list":["post-490","page","type-page","status-publish","hentry"],"acf":[],"yoast_head":"<!-- This site is optimized with the Yoast SEO plugin v23.2 - https:\/\/yoast.com\/wordpress\/plugins\/seo\/ -->\n<title>Nasi autorzy - proclim.com.pl<\/title>\n<meta name=\"description\" content=\"Poznaj autor\u00f3w, kt\u00f3rzy inspiruj\u0105 najnowszymi trendami, poradami stylizacyjnymi i \u015bwie\u017cymi pomys\u0142ami na mod\u0119.\" \/>\n<meta name=\"robots\" content=\"index, follow, max-snippet:-1, max-image-preview:large, max-video-preview:-1\" \/>\n<link rel=\"canonical\" href=\"https:\/\/proclim.com.pl\/ro\/nasi-autorzy\/\" \/>\n<meta property=\"og:locale\" content=\"ro_RO\" \/>\n<meta property=\"og:type\" content=\"article\" \/>\n<meta property=\"og:title\" content=\"Nasi autorzy - proclim.com.pl\" \/>\n<meta property=\"og:description\" content=\"Poznaj autor\u00f3w, kt\u00f3rzy inspiruj\u0105 najnowszymi trendami, poradami stylizacyjnymi i \u015bwie\u017cymi pomys\u0142ami na mod\u0119.\" \/>\n<meta property=\"og:url\" content=\"https:\/\/proclim.com.pl\/ro\/nasi-autorzy\/\" \/>\n<meta property=\"og:site_name\" content=\"proclim.com.pl\" \/>\n<meta property=\"article:modified_time\" content=\"2025-02-24T14:55:19+00:00\" \/>\n<meta name=\"twitter:card\" content=\"summary_large_image\" \/>\n<meta name=\"twitter:label1\" content=\"Timp estimat pentru citire\" \/>\n\t<meta name=\"twitter:data1\" content=\"1 minut\" \/>\n<script type=\"application\/ld+json\" class=\"yoast-schema-graph\">{\"@context\":\"https:\/\/schema.org\",\"@graph\":[{\"@type\":\"WebPage\",\"@id\":\"https:\/\/proclim.com.pl\/nasi-autorzy\/\",\"url\":\"https:\/\/proclim.com.pl\/nasi-autorzy\/\",\"name\":\"Nasi autorzy - proclim.com.pl\",\"isPartOf\":{\"@id\":\"https:\/\/proclim.com.pl\/#website\"},\"datePublished\":\"2025-02-24T14:55:17+00:00\",\"dateModified\":\"2025-02-24T14:55:19+00:00\",\"description\":\"Poznaj autor\u00f3w, kt\u00f3rzy inspiruj\u0105 najnowszymi trendami, poradami stylizacyjnymi i \u015bwie\u017cymi pomys\u0142ami na mod\u0119.\",\"breadcrumb\":{\"@id\":\"https:\/\/proclim.com.pl\/nasi-autorzy\/#breadcrumb\"},\"inLanguage\":\"ro-RO\",\"potentialAction\":[{\"@type\":\"ReadAction\",\"target\":[\"https:\/\/proclim.com.pl\/nasi-autorzy\/\"]}]},{\"@type\":\"BreadcrumbList\",\"@id\":\"https:\/\/proclim.com.pl\/nasi-autorzy\/#breadcrumb\",\"itemListElement\":[{\"@type\":\"ListItem\",\"position\":1,\"name\":\"Home\",\"item\":\"https:\/\/proclim.com.pl\/\"},{\"@type\":\"ListItem\",\"position\":2,\"name\":\"Nasi autorzy\"}]},{\"@type\":\"WebSite\",\"@id\":\"https:\/\/proclim.com.pl\/#website\",\"url\":\"https:\/\/proclim.com.pl\/\",\"name\":\"proclim.com.pl\",\"description\":\"Organizer na perfumy: porz\u0105dek i styl w jednym miejscu.\",\"potentialAction\":[{\"@type\":\"SearchAction\",\"target\":{\"@type\":\"EntryPoint\",\"urlTemplate\":\"https:\/\/proclim.com.pl\/?s={search_term_string}\"},\"query-input\":\"required name=search_term_string\"}],\"inLanguage\":\"ro-RO\"}]}<\/script>\n<!-- \/ Yoast SEO plugin. -->","yoast_head_json":{"title":"Nasi autorzy - proclim.com.pl","description":"Poznaj autor\u00f3w, kt\u00f3rzy inspiruj\u0105 najnowszymi trendami, poradami stylizacyjnymi i \u015bwie\u017cymi pomys\u0142ami na mod\u0119.","robots":{"index":"index","follow":"follow","max-snippet":"max-snippet:-1","max-image-preview":"max-image-preview:large","max-video-preview":"max-video-preview:-1"},"canonical":"https:\/\/proclim.com.pl\/ro\/nasi-autorzy\/","og_locale":"ro_RO","og_type":"article","og_title":"Nasi autorzy - proclim.com.pl","og_description":"Poznaj autor\u00f3w, kt\u00f3rzy inspiruj\u0105 najnowszymi trendami, poradami stylizacyjnymi i \u015bwie\u017cymi pomys\u0142ami na mod\u0119.","og_url":"https:\/\/proclim.com.pl\/ro\/nasi-autorzy\/","og_site_name":"proclim.com.pl","article_modified_time":"2025-02-24T14:55:19+00:00","twitter_card":"summary_large_image","twitter_misc":{"Timp estimat pentru citire":"1 minut"},"schema":{"@context":"https:\/\/schema.org","@graph":[{"@type":"WebPage","@id":"https:\/\/proclim.com.pl\/nasi-autorzy\/","url":"https:\/\/proclim.com.pl\/nasi-autorzy\/","name":"Nasi autorzy - proclim.com.pl","isPartOf":{"@id":"https:\/\/proclim.com.pl\/#website"},"datePublished":"2025-02-24T14:55:17+00:00","dateModified":"2025-02-24T14:55:19+00:00","description":"Poznaj autor\u00f3w, kt\u00f3rzy inspiruj\u0105 najnowszymi trendami, poradami stylizacyjnymi i \u015bwie\u017cymi pomys\u0142ami na mod\u0119.","breadcrumb":{"@id":"https:\/\/proclim.com.pl\/nasi-autorzy\/#breadcrumb"},"inLanguage":"ro-RO","potentialAction":[{"@type":"ReadAction","target":["https:\/\/proclim.com.pl\/nasi-autorzy\/"]}]},{"@type":"BreadcrumbList","@id":"https:\/\/proclim.com.pl\/nasi-autorzy\/#breadcrumb","itemListElement":[{"@type":"ListItem","position":1,"name":"Home","item":"https:\/\/proclim.com.pl\/"},{"@type":"ListItem","position":2,"name":"Nasi autorzy"}]},{"@type":"WebSite","@id":"https:\/\/proclim.com.pl\/#website","url":"https:\/\/proclim.com.pl\/","name":"proclim.com.pl","description":"Organizer na perfumy: porz\u0105dek i styl w jednym miejscu.","potentialAction":[{"@type":"SearchAction","target":{"@type":"EntryPoint","urlTemplate":"https:\/\/proclim.com.pl\/?s={search_term_string}"},"query-input":"required name=search_term_string"}],"inLanguage":"ro-RO"}]}},"yoast_meta":{"yoast_wpseo_title":"","yoast_wpseo_metadesc":"","yoast_wpseo_canonical":"https:\/\/proclim.com.pl\/ro\/wp-json\/wp\/v2\/pages\/490"},"_links":{"self":[{"href":"https:\/\/proclim.com.pl\/ro\/wp-json\/wp\/v2\/pages\/490"}],"collection":[{"href":"https:\/\/proclim.com.pl\/ro\/wp-json\/wp\/v2\/pages"}],"about":[{"href":"https:\/\/proclim.com.pl\/ro\/wp-json\/wp\/v2\/types\/page"}],"author":[{"embeddable":true,"href":"https:\/\/proclim.com.pl\/ro\/wp-json\/wp\/v2\/users\/1"}],"replies":[{"embeddable":true,"href":"https:\/\/proclim.com.pl\/ro\/wp-json\/wp\/v2\/comments?post=490"}],"version-history":[{"count":1,"href":"https:\/\/proclim.com.pl\/ro\/wp-json\/wp\/v2\/pages\/490\/revisions"}],"predecessor-version":[{"id":491,"href":"https:\/\/proclim.com.pl\/ro\/wp-json\/wp\/v2\/pages\/490\/revisions\/491"}],"wp:attachment":[{"href":"https:\/\/proclim.com.pl\/ro\/wp-json\/wp\/v2\/media?parent=490"}],"curies":[{"name":"wp","href":"https:\/\/api.w.org\/{rel}","templated":true}]}}